{"id":8296,"date":"2024-10-22T12:25:22","date_gmt":"2024-10-22T12:25:22","guid":{"rendered":"https:\/\/www.maiapizza.ro\/apacab\/?post_type=product&#038;p=8296"},"modified":"2024-12-11T23:03:01","modified_gmt":"2024-12-11T21:03:01","slug":"pinsa-romana-carbonara","status":"publish","type":"product","link":"https:\/\/www.maiapizza.ro\/apacab\/produs\/pinsa-romana-carbonara\/","title":{"rendered":"Pinsa Romana Carbonara"},"content":{"rendered":"","protected":false},"excerpt":{"rendered":"<p>(Gramaj: 535g)<\/p>\n<p>Un gust bogat, gurmand, gra\u021bie combina\u021biei de sos alb aromatizat cu usturoi, mozzarella, bacon afumat \u0219i cimbru proasp\u0103t. Pentru acele momente c\u00e2nd vrei s\u0103 i\u021bi r\u0103sfe\u021bi \u00a0toate sim\u021burile!<\/p>\n","protected":false},"featured_media":4050,"comment_status":"closed","ping_status":"closed","template":"","meta":[],"product_cat":[48],"product_tag":[],"_links":{"self":[{"href":"https:\/\/www.maiapizza.ro\/apacab\/wp-json\/wp\/v2\/product\/8296"}],"collection":[{"href":"https:\/\/www.maiapizza.ro\/apacab\/wp-json\/wp\/v2\/product"}],"about":[{"href":"https:\/\/www.maiapizza.ro\/apacab\/wp-json\/wp\/v2\/types\/product"}],"replies":[{"embeddable":true,"href":"https:\/\/www.maiapizza.ro\/apacab\/wp-json\/wp\/v2\/comments?post=8296"}],"wp:featuredmedia":[{"embeddable":true,"href":"https:\/\/www.maiapizza.ro\/apacab\/wp-json\/wp\/v2\/media\/4050"}],"wp:attachment":[{"href":"https:\/\/www.maiapizza.ro\/apacab\/wp-json\/wp\/v2\/media?parent=8296"}],"wp:term":[{"taxonomy":"product_cat","embeddable":true,"href":"https:\/\/www.maiapizza.ro\/apacab\/wp-json\/wp\/v2\/product_cat?post=8296"},{"taxonomy":"product_tag","embeddable":true,"href":"https:\/\/www.maiapizza.ro\/apacab\/wp-json\/wp\/v2\/product_tag?post=8296"}],"curies":[{"name":"wp","href":"https:\/\/api.w.org\/{rel}","templated":true}]}}