{"id":8300,"date":"2024-10-22T12:25:22","date_gmt":"2024-10-22T12:25:22","guid":{"rendered":"https:\/\/www.maiapizza.ro\/apacab\/?post_type=product&#038;p=8300"},"modified":"2024-10-24T10:12:29","modified_gmt":"2024-10-24T10:12:29","slug":"tiramisu","status":"publish","type":"product","link":"https:\/\/www.maiapizza.ro\/apacab\/produs\/tiramisu\/","title":{"rendered":"Tiramisu"},"content":{"rendered":"","protected":false},"excerpt":{"rendered":"<p>(130g)<br \/>\nTiramisu te \u00eenv\u0103luie \u00een arome fine de cacao \u0219i espresso care te binedispun instant. Pi\u0219coturi \u00eensiropate \u00een cafea \u0219i pandispan, aduse \u00eempreun\u0103 de crem\u0103 de mascarpone \u0219i acoperite de un strat fin de cacao, pentru ca tu s\u0103 te bucuri de gustul original al desertului specific italian.<\/p>\n","protected":false},"featured_media":1976,"comment_status":"closed","ping_status":"closed","template":"","meta":[],"product_cat":[46],"product_tag":[],"_links":{"self":[{"href":"https:\/\/www.maiapizza.ro\/apacab\/wp-json\/wp\/v2\/product\/8300"}],"collection":[{"href":"https:\/\/www.maiapizza.ro\/apacab\/wp-json\/wp\/v2\/product"}],"about":[{"href":"https:\/\/www.maiapizza.ro\/apacab\/wp-json\/wp\/v2\/types\/product"}],"replies":[{"embeddable":true,"href":"https:\/\/www.maiapizza.ro\/apacab\/wp-json\/wp\/v2\/comments?post=8300"}],"wp:featuredmedia":[{"embeddable":true,"href":"https:\/\/www.maiapizza.ro\/apacab\/wp-json\/wp\/v2\/media\/1976"}],"wp:attachment":[{"href":"https:\/\/www.maiapizza.ro\/apacab\/wp-json\/wp\/v2\/media?parent=8300"}],"wp:term":[{"taxonomy":"product_cat","embeddable":true,"href":"https:\/\/www.maiapizza.ro\/apacab\/wp-json\/wp\/v2\/product_cat?post=8300"},{"taxonomy":"product_tag","embeddable":true,"href":"https:\/\/www.maiapizza.ro\/apacab\/wp-json\/wp\/v2\/product_tag?post=8300"}],"curies":[{"name":"wp","href":"https:\/\/api.w.org\/{rel}","templated":true}]}}