{"id":8305,"date":"2024-10-22T12:25:23","date_gmt":"2024-10-22T12:25:23","guid":{"rendered":"https:\/\/www.maiapizza.ro\/apacab\/?post_type=product&#038;p=8305"},"modified":"2024-12-11T23:01:13","modified_gmt":"2024-12-11T21:01:13","slug":"pinsa-romana-greca","status":"publish","type":"product","link":"https:\/\/www.maiapizza.ro\/apacab\/produs\/pinsa-romana-greca\/","title":{"rendered":"Pinsa Romana Greca"},"content":{"rendered":"","protected":false},"excerpt":{"rendered":"<p>(Gramaj: 600g)<\/p>\n<p>Bucur\u0103-te de aromele intense ale Greciei \u00een noua pizza Greca, cu buc\u0103\u021bi generoase de gyros de porc savuros, br\u00e2nz\u0103 feta autentic\u0103, sos de ro\u0219ii \u0219i mozzarella, toate \u00eencununate de note subtile de oregano grecesc.<\/p>\n","protected":false},"featured_media":4068,"comment_status":"closed","ping_status":"closed","template":"","meta":[],"product_cat":[48],"product_tag":[],"_links":{"self":[{"href":"https:\/\/www.maiapizza.ro\/apacab\/wp-json\/wp\/v2\/product\/8305"}],"collection":[{"href":"https:\/\/www.maiapizza.ro\/apacab\/wp-json\/wp\/v2\/product"}],"about":[{"href":"https:\/\/www.maiapizza.ro\/apacab\/wp-json\/wp\/v2\/types\/product"}],"replies":[{"embeddable":true,"href":"https:\/\/www.maiapizza.ro\/apacab\/wp-json\/wp\/v2\/comments?post=8305"}],"wp:featuredmedia":[{"embeddable":true,"href":"https:\/\/www.maiapizza.ro\/apacab\/wp-json\/wp\/v2\/media\/4068"}],"wp:attachment":[{"href":"https:\/\/www.maiapizza.ro\/apacab\/wp-json\/wp\/v2\/media?parent=8305"}],"wp:term":[{"taxonomy":"product_cat","embeddable":true,"href":"https:\/\/www.maiapizza.ro\/apacab\/wp-json\/wp\/v2\/product_cat?post=8305"},{"taxonomy":"product_tag","embeddable":true,"href":"https:\/\/www.maiapizza.ro\/apacab\/wp-json\/wp\/v2\/product_tag?post=8305"}],"curies":[{"name":"wp","href":"https:\/\/api.w.org\/{rel}","templated":true}]}}