{"id":8312,"date":"2024-10-22T12:25:23","date_gmt":"2024-10-22T12:25:23","guid":{"rendered":"https:\/\/www.maiapizza.ro\/apacab\/?post_type=product&#038;p=8312"},"modified":"2024-12-11T23:00:09","modified_gmt":"2024-12-11T21:00:09","slug":"pinsa-romana-tono","status":"publish","type":"product","link":"https:\/\/www.maiapizza.ro\/apacab\/produs\/pinsa-romana-tono\/","title":{"rendered":"Pinsa Romana Tono"},"content":{"rendered":"","protected":false},"excerpt":{"rendered":"<p>(Gramaj: 650 g)<br \/>\nIube\u0219ti tonul? Atunci cu siguran\u021b\u0103 te vei indr\u0103gosti de aceast\u0103 combina\u021bie savuroas\u0103 de ton, capere, ceap\u0103 \u0219i un strop de l\u0103m\u00e2ie al\u0103turi de sos de ro\u0219ii \u0219i mozzarella, aromatizate subtil cu oregano.<\/p>\n","protected":false},"featured_media":4085,"comment_status":"closed","ping_status":"closed","template":"","meta":[],"product_cat":[48],"product_tag":[],"_links":{"self":[{"href":"https:\/\/www.maiapizza.ro\/apacab\/wp-json\/wp\/v2\/product\/8312"}],"collection":[{"href":"https:\/\/www.maiapizza.ro\/apacab\/wp-json\/wp\/v2\/product"}],"about":[{"href":"https:\/\/www.maiapizza.ro\/apacab\/wp-json\/wp\/v2\/types\/product"}],"replies":[{"embeddable":true,"href":"https:\/\/www.maiapizza.ro\/apacab\/wp-json\/wp\/v2\/comments?post=8312"}],"wp:featuredmedia":[{"embeddable":true,"href":"https:\/\/www.maiapizza.ro\/apacab\/wp-json\/wp\/v2\/media\/4085"}],"wp:attachment":[{"href":"https:\/\/www.maiapizza.ro\/apacab\/wp-json\/wp\/v2\/media?parent=8312"}],"wp:term":[{"taxonomy":"product_cat","embeddable":true,"href":"https:\/\/www.maiapizza.ro\/apacab\/wp-json\/wp\/v2\/product_cat?post=8312"},{"taxonomy":"product_tag","embeddable":true,"href":"https:\/\/www.maiapizza.ro\/apacab\/wp-json\/wp\/v2\/product_tag?post=8312"}],"curies":[{"name":"wp","href":"https:\/\/api.w.org\/{rel}","templated":true}]}}