{"id":8313,"date":"2024-10-22T12:25:23","date_gmt":"2024-10-22T12:25:23","guid":{"rendered":"https:\/\/www.maiapizza.ro\/apacab\/?post_type=product&#038;p=8313"},"modified":"2024-12-11T23:00:25","modified_gmt":"2024-12-11T21:00:25","slug":"pinsa-romana-turca","status":"publish","type":"product","link":"https:\/\/www.maiapizza.ro\/apacab\/produs\/pinsa-romana-turca\/","title":{"rendered":"Pinsa Romana Turca"},"content":{"rendered":"<p>&nbsp;<\/p>\n<p>&nbsp;<\/p>\n<p>&nbsp;<\/p>\n<p>&nbsp;<\/p>\n<p>&nbsp;<\/p>\n","protected":false},"excerpt":{"rendered":"<p>(Gramaj: 550g)<\/p>\n<p>\u00cenchide ochii \u0219i e\u0219ti in Turcia! Gust\u0103 \u0219i las\u0103-te purtat pe t\u0103r\u00e2muri orientale savur\u00e2nd o pizza delicioas\u0103 cu babic turcesc intens condimentat \u0219i m\u0103sline, al\u0103turi de sos de ro\u0219ii \u0219i mozzarella, toate condimentate din bel\u0219ug cu cimbru.<\/p>\n","protected":false},"featured_media":4088,"comment_status":"closed","ping_status":"closed","template":"","meta":[],"product_cat":[48],"product_tag":[],"_links":{"self":[{"href":"https:\/\/www.maiapizza.ro\/apacab\/wp-json\/wp\/v2\/product\/8313"}],"collection":[{"href":"https:\/\/www.maiapizza.ro\/apacab\/wp-json\/wp\/v2\/product"}],"about":[{"href":"https:\/\/www.maiapizza.ro\/apacab\/wp-json\/wp\/v2\/types\/product"}],"replies":[{"embeddable":true,"href":"https:\/\/www.maiapizza.ro\/apacab\/wp-json\/wp\/v2\/comments?post=8313"}],"wp:featuredmedia":[{"embeddable":true,"href":"https:\/\/www.maiapizza.ro\/apacab\/wp-json\/wp\/v2\/media\/4088"}],"wp:attachment":[{"href":"https:\/\/www.maiapizza.ro\/apacab\/wp-json\/wp\/v2\/media?parent=8313"}],"wp:term":[{"taxonomy":"product_cat","embeddable":true,"href":"https:\/\/www.maiapizza.ro\/apacab\/wp-json\/wp\/v2\/product_cat?post=8313"},{"taxonomy":"product_tag","embeddable":true,"href":"https:\/\/www.maiapizza.ro\/apacab\/wp-json\/wp\/v2\/product_tag?post=8313"}],"curies":[{"name":"wp","href":"https:\/\/api.w.org\/{rel}","templated":true}]}}