{"id":8350,"date":"2024-10-22T12:25:29","date_gmt":"2024-10-22T12:25:29","guid":{"rendered":"https:\/\/www.maiapizza.ro\/apacab\/?post_type=product&#038;p=8350"},"modified":"2024-12-11T22:57:40","modified_gmt":"2024-12-11T20:57:40","slug":"pinsa-romana-sapori-di-zucchini","status":"publish","type":"product","link":"https:\/\/www.maiapizza.ro\/apacab\/produs\/pinsa-romana-sapori-di-zucchini\/","title":{"rendered":"Pinsa Romana Sapori di zucchini"},"content":{"rendered":"","protected":false},"excerpt":{"rendered":"<p>(Gramaj: 680g)<\/p>\n<p>Sosul alb, cu arome delicate \u0219i textur\u0103 catifelat\u0103, adaug\u0103 profunzime fiec\u0103rei mu\u0219c\u0103turi. Mozzarella proasp\u0103t\u0103 se tope\u0219te delicat \u00eempreun\u0103 cu dovleceii iar porumbul dulce completeaz\u0103 tabloul cu explozii de savoare. Ceapa d\u0103 o not\u0103 u\u0219or caramelizat\u0103, \u00een timp ce peperoncino aduce un strop de iute \u0219i pasiune \u00een fiecare mu\u0219c\u0103tur\u0103. Finalizat\u0103 cu un sos de usturoi intens, aceast\u0103 pizza devine o simfonie a gusturilor, o c\u0103l\u0103torie culinar\u0103 irezistibil\u0103 care-\u021bi va captiva toate sim\u021burile.<\/p>\n","protected":false},"featured_media":7531,"comment_status":"closed","ping_status":"closed","template":"","meta":[],"product_cat":[48],"product_tag":[],"_links":{"self":[{"href":"https:\/\/www.maiapizza.ro\/apacab\/wp-json\/wp\/v2\/product\/8350"}],"collection":[{"href":"https:\/\/www.maiapizza.ro\/apacab\/wp-json\/wp\/v2\/product"}],"about":[{"href":"https:\/\/www.maiapizza.ro\/apacab\/wp-json\/wp\/v2\/types\/product"}],"replies":[{"embeddable":true,"href":"https:\/\/www.maiapizza.ro\/apacab\/wp-json\/wp\/v2\/comments?post=8350"}],"wp:featuredmedia":[{"embeddable":true,"href":"https:\/\/www.maiapizza.ro\/apacab\/wp-json\/wp\/v2\/media\/7531"}],"wp:attachment":[{"href":"https:\/\/www.maiapizza.ro\/apacab\/wp-json\/wp\/v2\/media?parent=8350"}],"wp:term":[{"taxonomy":"product_cat","embeddable":true,"href":"https:\/\/www.maiapizza.ro\/apacab\/wp-json\/wp\/v2\/product_cat?post=8350"},{"taxonomy":"product_tag","embeddable":true,"href":"https:\/\/www.maiapizza.ro\/apacab\/wp-json\/wp\/v2\/product_tag?post=8350"}],"curies":[{"name":"wp","href":"https:\/\/api.w.org\/{rel}","templated":true}]}}