{"id":961,"date":"2018-03-12T17:38:57","date_gmt":"2018-03-12T15:38:57","guid":{"rendered":"http:\/\/ambiense.freevision.me\/?page_id=961"},"modified":"2018-03-12T17:38:57","modified_gmt":"2018-03-12T15:38:57","slug":"despre-noi","status":"publish","type":"page","link":"https:\/\/www.maiapizza.ro\/burebistab\/despre-noi\/","title":{"rendered":"Despre Noi"},"content":{"rendered":"<div class=\"wpb-content-wrapper\"><p>[vc_row full_width=&#8221;stretch_row&#8221; full_height=&#8221;yes&#8221; bg_video=&#8221;on&#8221; bottom_arrow=&#8221;on&#8221; bottom_arrow_color=&#8221;#ffffff&#8221; bottom_arrow_caption=&#8221;Vezi mai jos&#8221; hue=&#8221;#ff0000&#8243; css=&#8221;.vc_custom_1604956722427{margin-top: 0px !important;margin-bottom: 0px !important;}&#8221; bg_video_path=&#8221;https:\/\/www.maiapizza.ro\/burebistab\/wp-content\/uploads\/sites\/7\/2020\/11\/video-2.mp4&#8243; bg_video_fallback_image=&#8221;1422&#8243;][vc_column]<div class=\"ozy-overlap_caption custom-font-onnone \"><h2 style=\"color:#0a0000;\" >Maia Pizza<\/h2><h3 style=\"color:#c49144;\" >Pizza \u0219i Salate Delicioase<\/h3><\/div>[\/vc_column][\/vc_row][vc_row css=&#8221;.vc_custom_1520876629734{margin-top: 0px !important;margin-bottom: 0px !important;padding-top: 100px !important;padding-bottom: 100px !important;}&#8221;][vc_column][vc_custom_heading text=&#8221;DESPRE NOI&#8221; font_container=&#8221;tag:h4|text_align:justify|color:%232f2b2c&#8221; use_theme_fonts=&#8221;yes&#8221;][vc_column_text]<\/p>\n<p style=\"text-align: justify\"><span style=\"font-size: 18pt\">Iubim la nebunie pizza \u0219i de aceea v\u0103 aducem un produs nou, unic, nu doar prin gust, ci mai ales prin consisten\u021b\u0103 \u0219i calitatea ingredientelor.<\/span><br \/>\n<span style=\"font-size: 18pt\">Ne dorim ca fiecare pizza savurat\u0103 la Maia Pizza s\u0103 devin\u0103 o experien\u021b\u0103 gastronomic\u0103 \u00een sine care s\u0103 v\u0103 poarte cu g\u00e2ndul pe \u00eensoritele meleaguri ale Italiei.<\/span><br \/>\n<span style=\"font-size: 18pt\">Redescoperim \u00eempreun\u0103 gustul adev\u0103rat al pizzei cu maia natural\u0103, dospit\u0103 72 de ore, \u00een combina\u021bii delicioase.<\/span><\/p>\n<p>[\/vc_column_text][\/vc_column][\/vc_row][vc_row full_width=&#8221;stretch_row&#8221; full_height=&#8221;yes&#8221; parallax=&#8221;content-moving&#8221; parallax_image=&#8221;1458&#8243; hue=&#8221;#ff0000&#8243; css=&#8221;.vc_custom_1604660300483{margin-top: 0px !important;margin-bottom: 0px !important;background-color: #f9f9f9 !important;}&#8221;][vc_column][vc_custom_heading text=&#8221;&#8221; font_container=&#8221;tag:h2|text_align:center|color:rgba(247%2C0%2C0%2C0.9)&#8221; css=&#8221;.vc_custom_1606030531534{background-color: rgba(255,255,255,0.33) !important;*background-color: rgb(255,255,255) !important;}&#8221; link=&#8221;url:https%3A%2F%2Fwww.maiapizza.ro%2Fmeniu%2F|title:Vezi%20Meniul%20pentru%20a%20alege%20pizza%20pe%20gustul%20t%C4%83u!|target:%20_blank|rel:nofollow&#8221;][\/vc_column][\/vc_row][vc_row css=&#8221;.vc_custom_1604660251658{margin-top: 0px !important;margin-bottom: 0px !important;padding-top: 100px !important;padding-bottom: 100px !important;background-color: rgba(221,221,221,0.87) !important;*background-color: rgb(221,221,221) !important;}&#8221;][vc_column][vc_custom_heading text=&#8221;PIZZA MAIA&#8221; font_container=&#8221;tag:h4|text_align:left|color:%232f2b2c&#8221; use_theme_fonts=&#8221;yes&#8221;][vc_column_text css=&#8221;.vc_custom_1606759444117{margin-top: 40px !important;}&#8221;]<span style=\"font-size: 18pt\">Totul \u00eencepe cu ingredientele de calitate: ap\u0103 pur\u0103, f\u0103in\u0103 organic\u0103, maia natural\u0103, sare \u0219i un strop de ulei extravirgin de m\u0103sline. Apoi, folosind o re\u021bet\u0103 veche de sute de ani, adaptat\u0103 tehnologic prezentului, preg\u0103tim pentru dumneavoastr\u0103 blatul perfect: pufos la interior dar crocant la exterior.<\/span><\/p>\n<p><span style=\"font-size: 18pt\">Procesul unic de dospire lent\u0103, timp de 72 de ore, 100% natural, accenturaz\u0103 gustul autentic al ingredientelor originale . Fermenta\u021bia natural\u0103 produce un blat de o consisten\u021b\u0103 echilibrat\u0103, mai u\u0219or de digerat \u0219i cu mult mai s\u0103n\u0103tos fa\u021b\u0103 de blatul clasic de pizza.<\/span><\/p>\n<p><span style=\"font-size: 18pt\">F\u0103r\u0103 conservan\u021bi sau aditivi, 100% natural\u0103, te vei indr\u0103gosti de pizza noastr\u0103 cu maia.<\/span>[\/vc_column_text][\/vc_column][\/vc_row][vc_row full_width=&#8221;stretch_row_content_no_spaces&#8221; full_height=&#8221;yes&#8221; content_placement=&#8221;middle&#8221; bg_video=&#8221;on&#8221; zero_padding_on_mobile=&#8221;on&#8221; zero_margin_on_mobile=&#8221;on&#8221; hue=&#8221;#ff0000&#8243; css=&#8221;.vc_custom_1607127113492{margin-top: 0px !important;margin-bottom: 0px !important;padding-top: 100px !important;padding-right: 15% !important;padding-bottom: 100px !important;padding-left: 15% !important;background-image: url(https:\/\/www.maiapizza.ro\/burebistab\/wp-content\/uploads\/sites\/7\/2020\/12\/pizza-noastra-4.jpg?id=2128) !important;background-position: center !important;background-repeat: no-repeat !important;background-size: contain !important;}&#8221;][vc_column][vc_custom_heading text=&#8221;MENIU&#8221; font_container=&#8221;tag:h2|text_align:justify&#8221;][vc_column_text]<\/p>\n<p style=\"text-align: justify\"><span style=\"font-size: 14pt;color: #ffffff\">Combina\u021bii inedite, gurmande, mereu savuroase.<\/span><br \/>\n<span style=\"font-size: 14pt;color: #ffffff\">Alege-\u021bi varianta preferat\u0103 \u0219i bucur\u0103-te de gustul autentic al pizzei cu maia natural\u0103!<\/span><\/p>\n<p>[\/vc_column_text][\/vc_column][\/vc_row]<\/p>\n<\/div>","protected":false},"excerpt":{"rendered":"<p>[vc_row full_width=&#8221;stretch_row&#8221; full_height=&#8221;yes&#8221; bg_video=&#8221;on&#8221; bottom_arrow=&#8221;on&#8221; bottom_arrow_color=&#8221;#ffffff&#8221; bottom_arrow_caption=&#8221;Vezi mai jos&#8221; hue=&#8221;#ff0000&#8243; css=&#8221;.vc_custom_1604956722427{margin-top: 0px !important;margin-bottom: 0px !important;}&#8221; bg_video_path=&#8221;https:\/\/www.maiapizza.ro\/burebistab\/wp-content\/uploads\/sites\/7\/2020\/11\/video-2.mp4&#8243; bg_video_fallback_image=&#8221;1422&#8243;][vc_column][\/vc_column][\/vc_row][vc_row css=&#8221;.vc_custom_1520876629734{margin-top: 0px !important;margin-bottom: 0px !important;padding-top: 100px !important;padding-bottom: 100px !important;}&#8221;][vc_column][vc_custom_heading text=&#8221;DESPRE NOI&#8221; font_container=&#8221;tag:h4|text_align:justify|color:%232f2b2c&#8221; use_theme_fonts=&#8221;yes&#8221;][vc_column_text] [&hellip;]<\/p>\n","protected":false},"author":1,"featured_media":0,"parent":0,"menu_order":0,"comment_status":"closed","ping_status":"closed","template":"","meta":{"footnotes":""},"_links":{"self":[{"href":"https:\/\/www.maiapizza.ro\/burebistab\/wp-json\/wp\/v2\/pages\/961"}],"collection":[{"href":"https:\/\/www.maiapizza.ro\/burebistab\/wp-json\/wp\/v2\/pages"}],"about":[{"href":"https:\/\/www.maiapizza.ro\/burebistab\/wp-json\/wp\/v2\/types\/page"}],"author":[{"embeddable":true,"href":"https:\/\/www.maiapizza.ro\/burebistab\/wp-json\/wp\/v2\/users\/1"}],"replies":[{"embeddable":true,"href":"https:\/\/www.maiapizza.ro\/burebistab\/wp-json\/wp\/v2\/comments?post=961"}],"version-history":[{"count":0,"href":"https:\/\/www.maiapizza.ro\/burebistab\/wp-json\/wp\/v2\/pages\/961\/revisions"}],"wp:attachment":[{"href":"https:\/\/www.maiapizza.ro\/burebistab\/wp-json\/wp\/v2\/media?parent=961"}],"curies":[{"name":"wp","href":"https:\/\/api.w.org\/{rel}","templated":true}]}}