{"id":1462,"date":"2020-11-03T14:18:48","date_gmt":"2020-11-03T12:18:48","guid":{"rendered":"https:\/\/www.maiapizza.ro\/?post_type=product&#038;p=1462"},"modified":"2024-12-11T23:19:37","modified_gmt":"2024-12-11T21:19:37","slug":"pinsa-romana-arabiata","status":"publish","type":"product","link":"https:\/\/www.maiapizza.ro\/burebistab\/produs\/pinsa-romana-arabiata\/","title":{"rendered":"Pinsa Romana Arabiata"},"content":{"rendered":"","protected":false},"excerpt":{"rendered":"<p>(Gramaj: 510g)<\/p>\n<p>C\u00e2t de iute este foarte iute? Sosul de ro\u0219ii picant al\u0103turi de mozzarella cremoas\u0103 , pres\u0103rate cu fulgi de peperonccino este alegerea perfect\u0103. Tu rezi\u0219ti tenta\u021biei?<\/p>\n","protected":false},"featured_media":4063,"comment_status":"closed","ping_status":"closed","template":"","meta":[],"product_cat":[46],"product_tag":[],"_links":{"self":[{"href":"https:\/\/www.maiapizza.ro\/burebistab\/wp-json\/wp\/v2\/product\/1462"}],"collection":[{"href":"https:\/\/www.maiapizza.ro\/burebistab\/wp-json\/wp\/v2\/product"}],"about":[{"href":"https:\/\/www.maiapizza.ro\/burebistab\/wp-json\/wp\/v2\/types\/product"}],"replies":[{"embeddable":true,"href":"https:\/\/www.maiapizza.ro\/burebistab\/wp-json\/wp\/v2\/comments?post=1462"}],"wp:featuredmedia":[{"embeddable":true,"href":"https:\/\/www.maiapizza.ro\/burebistab\/wp-json\/wp\/v2\/media\/4063"}],"wp:attachment":[{"href":"https:\/\/www.maiapizza.ro\/burebistab\/wp-json\/wp\/v2\/media?parent=1462"}],"wp:term":[{"taxonomy":"product_cat","embeddable":true,"href":"https:\/\/www.maiapizza.ro\/burebistab\/wp-json\/wp\/v2\/product_cat?post=1462"},{"taxonomy":"product_tag","embeddable":true,"href":"https:\/\/www.maiapizza.ro\/burebistab\/wp-json\/wp\/v2\/product_tag?post=1462"}],"curies":[{"name":"wp","href":"https:\/\/api.w.org\/{rel}","templated":true}]}}