{"id":1477,"date":"2020-11-03T14:45:08","date_gmt":"2020-11-03T12:45:08","guid":{"rendered":"https:\/\/www.maiapizza.ro\/?post_type=product&#038;p=1477"},"modified":"2024-12-11T23:18:42","modified_gmt":"2024-12-11T21:18:42","slug":"pinsa-romana-primavera","status":"publish","type":"product","link":"https:\/\/www.maiapizza.ro\/burebistab\/produs\/pinsa-romana-primavera\/","title":{"rendered":"Pinsa Romana Primavera"},"content":{"rendered":"","protected":false},"excerpt":{"rendered":"<p>(Gramaj: 650g)<\/p>\n<p>Leggera comme la primavera!\u00a0 O combina\u021bie savuroas\u0103 \u0219i u\u0219oar\u0103, o abunden\u021b\u0103 de legume, proaspete, ro\u0219ii, ardei, m\u0103sline, ciuperci \u0219i spanac al\u0103turi de sos de ro\u0219ii si mozzarella intr-o pizza delicioas\u0103 \u0219i s\u0103n\u0103toas\u0103.<\/p>\n","protected":false},"featured_media":4074,"comment_status":"closed","ping_status":"closed","template":"","meta":[],"product_cat":[46],"product_tag":[],"_links":{"self":[{"href":"https:\/\/www.maiapizza.ro\/burebistab\/wp-json\/wp\/v2\/product\/1477"}],"collection":[{"href":"https:\/\/www.maiapizza.ro\/burebistab\/wp-json\/wp\/v2\/product"}],"about":[{"href":"https:\/\/www.maiapizza.ro\/burebistab\/wp-json\/wp\/v2\/types\/product"}],"replies":[{"embeddable":true,"href":"https:\/\/www.maiapizza.ro\/burebistab\/wp-json\/wp\/v2\/comments?post=1477"}],"wp:featuredmedia":[{"embeddable":true,"href":"https:\/\/www.maiapizza.ro\/burebistab\/wp-json\/wp\/v2\/media\/4074"}],"wp:attachment":[{"href":"https:\/\/www.maiapizza.ro\/burebistab\/wp-json\/wp\/v2\/media?parent=1477"}],"wp:term":[{"taxonomy":"product_cat","embeddable":true,"href":"https:\/\/www.maiapizza.ro\/burebistab\/wp-json\/wp\/v2\/product_cat?post=1477"},{"taxonomy":"product_tag","embeddable":true,"href":"https:\/\/www.maiapizza.ro\/burebistab\/wp-json\/wp\/v2\/product_tag?post=1477"}],"curies":[{"name":"wp","href":"https:\/\/api.w.org\/{rel}","templated":true}]}}