{"id":1480,"date":"2020-11-03T14:53:18","date_gmt":"2020-11-03T12:53:18","guid":{"rendered":"https:\/\/www.maiapizza.ro\/?post_type=product&#038;p=1480"},"modified":"2024-12-11T23:18:26","modified_gmt":"2024-12-11T21:18:26","slug":"pinsa-romana-prosciuto-crudo-e-rucola","status":"publish","type":"product","link":"https:\/\/www.maiapizza.ro\/burebistab\/produs\/pinsa-romana-prosciuto-crudo-e-rucola\/","title":{"rendered":"Pinsa Romana Prosciuto Crudo e Rucola"},"content":{"rendered":"","protected":false},"excerpt":{"rendered":"<p>(Gramaj: 560g)<\/p>\n<p>Gurmand\u0103 &amp; u\u0219oar\u0103. Consistent\u0103 &amp; armonioas\u0103 prin combina\u021bia echilibrat\u0103 de mozzarella, sos de ro\u0219ii, prosciutto \u0219i rucola fresh.<\/p>\n","protected":false},"featured_media":4076,"comment_status":"closed","ping_status":"closed","template":"","meta":[],"product_cat":[46],"product_tag":[],"_links":{"self":[{"href":"https:\/\/www.maiapizza.ro\/burebistab\/wp-json\/wp\/v2\/product\/1480"}],"collection":[{"href":"https:\/\/www.maiapizza.ro\/burebistab\/wp-json\/wp\/v2\/product"}],"about":[{"href":"https:\/\/www.maiapizza.ro\/burebistab\/wp-json\/wp\/v2\/types\/product"}],"replies":[{"embeddable":true,"href":"https:\/\/www.maiapizza.ro\/burebistab\/wp-json\/wp\/v2\/comments?post=1480"}],"wp:featuredmedia":[{"embeddable":true,"href":"https:\/\/www.maiapizza.ro\/burebistab\/wp-json\/wp\/v2\/media\/4076"}],"wp:attachment":[{"href":"https:\/\/www.maiapizza.ro\/burebistab\/wp-json\/wp\/v2\/media?parent=1480"}],"wp:term":[{"taxonomy":"product_cat","embeddable":true,"href":"https:\/\/www.maiapizza.ro\/burebistab\/wp-json\/wp\/v2\/product_cat?post=1480"},{"taxonomy":"product_tag","embeddable":true,"href":"https:\/\/www.maiapizza.ro\/burebistab\/wp-json\/wp\/v2\/product_tag?post=1480"}],"curies":[{"name":"wp","href":"https:\/\/api.w.org\/{rel}","templated":true}]}}