{"id":1489,"date":"2020-11-03T15:14:00","date_gmt":"2020-11-03T13:14:00","guid":{"rendered":"https:\/\/www.maiapizza.ro\/?post_type=product&#038;p=1489"},"modified":"2024-12-11T23:17:33","modified_gmt":"2024-12-11T21:17:33","slug":"pinsa-romana-quattro-stagioni","status":"publish","type":"product","link":"https:\/\/www.maiapizza.ro\/burebistab\/produs\/pinsa-romana-quattro-stagioni\/","title":{"rendered":"Pinsa Romana Quattro Stagioni"},"content":{"rendered":"","protected":false},"excerpt":{"rendered":"<p>(Gramaj: 640g)<\/p>\n<p>Combina\u021bie clasic\u0103 de 4 \u201canotimpuri\u201d ce ofer\u0103 o experien\u021b\u0103 complet\u0103, absolut delicioas\u0103. \u0218unca fraged\u0103, salami Napoli, ciuperci \u0219i m\u0103sline al\u0103turi de sos de ro\u0219ii \u0219i mozzarela.<\/p>\n","protected":false},"featured_media":4114,"comment_status":"closed","ping_status":"closed","template":"","meta":[],"product_cat":[46],"product_tag":[],"_links":{"self":[{"href":"https:\/\/www.maiapizza.ro\/burebistab\/wp-json\/wp\/v2\/product\/1489"}],"collection":[{"href":"https:\/\/www.maiapizza.ro\/burebistab\/wp-json\/wp\/v2\/product"}],"about":[{"href":"https:\/\/www.maiapizza.ro\/burebistab\/wp-json\/wp\/v2\/types\/product"}],"replies":[{"embeddable":true,"href":"https:\/\/www.maiapizza.ro\/burebistab\/wp-json\/wp\/v2\/comments?post=1489"}],"wp:featuredmedia":[{"embeddable":true,"href":"https:\/\/www.maiapizza.ro\/burebistab\/wp-json\/wp\/v2\/media\/4114"}],"wp:attachment":[{"href":"https:\/\/www.maiapizza.ro\/burebistab\/wp-json\/wp\/v2\/media?parent=1489"}],"wp:term":[{"taxonomy":"product_cat","embeddable":true,"href":"https:\/\/www.maiapizza.ro\/burebistab\/wp-json\/wp\/v2\/product_cat?post=1489"},{"taxonomy":"product_tag","embeddable":true,"href":"https:\/\/www.maiapizza.ro\/burebistab\/wp-json\/wp\/v2\/product_tag?post=1489"}],"curies":[{"name":"wp","href":"https:\/\/api.w.org\/{rel}","templated":true}]}}