{"id":1535,"date":"2020-11-04T23:27:34","date_gmt":"2020-11-04T21:27:34","guid":{"rendered":"https:\/\/www.maiapizza.ro\/?post_type=product&#038;p=1535"},"modified":"2024-10-24T10:36:29","modified_gmt":"2024-10-24T10:36:29","slug":"salata-tono","status":"publish","type":"product","link":"https:\/\/www.maiapizza.ro\/burebistab\/produs\/salata-tono\/","title":{"rendered":"Salata Tono"},"content":{"rendered":"","protected":false},"excerpt":{"rendered":"<p>Tot ce are Mediterana mai bun de oferit, \u00eentr-o salat\u0103 gustoas\u0103 ce combin\u0103\u00a0 buc\u0103\u021bi generoase de ton cu m\u0103sline, ceap\u0103, mix de salat\u0103 fresh, ulei de m\u0103sline extra virgin \u0219i oregano.<\/p>\n","protected":false},"featured_media":1972,"comment_status":"closed","ping_status":"closed","template":"","meta":[],"product_cat":[47],"product_tag":[],"_links":{"self":[{"href":"https:\/\/www.maiapizza.ro\/burebistab\/wp-json\/wp\/v2\/product\/1535"}],"collection":[{"href":"https:\/\/www.maiapizza.ro\/burebistab\/wp-json\/wp\/v2\/product"}],"about":[{"href":"https:\/\/www.maiapizza.ro\/burebistab\/wp-json\/wp\/v2\/types\/product"}],"replies":[{"embeddable":true,"href":"https:\/\/www.maiapizza.ro\/burebistab\/wp-json\/wp\/v2\/comments?post=1535"}],"wp:featuredmedia":[{"embeddable":true,"href":"https:\/\/www.maiapizza.ro\/burebistab\/wp-json\/wp\/v2\/media\/1972"}],"wp:attachment":[{"href":"https:\/\/www.maiapizza.ro\/burebistab\/wp-json\/wp\/v2\/media?parent=1535"}],"wp:term":[{"taxonomy":"product_cat","embeddable":true,"href":"https:\/\/www.maiapizza.ro\/burebistab\/wp-json\/wp\/v2\/product_cat?post=1535"},{"taxonomy":"product_tag","embeddable":true,"href":"https:\/\/www.maiapizza.ro\/burebistab\/wp-json\/wp\/v2\/product_tag?post=1535"}],"curies":[{"name":"wp","href":"https:\/\/api.w.org\/{rel}","templated":true}]}}