{"id":1550,"date":"2020-11-05T00:18:56","date_gmt":"2020-11-04T22:18:56","guid":{"rendered":"https:\/\/www.maiapizza.ro\/?post_type=product&#038;p=1550"},"modified":"2024-10-24T10:22:55","modified_gmt":"2024-10-24T10:22:55","slug":"cheesecake","status":"publish","type":"product","link":"https:\/\/www.maiapizza.ro\/burebistab\/produs\/cheesecake\/","title":{"rendered":"Cheesecake"},"content":{"rendered":"","protected":false},"excerpt":{"rendered":"<p>(160g)<br \/>\nCrem\u0103 italieneasc\u0103 de br\u00e2nz\u0103\u00a0 cu toping de dulcea\u021b\u0103 de cirese pe pat de biscui\u021bi, \u00eentr-un cheesecake delicios, perfect echilibrat.<\/p>\n","protected":false},"featured_media":1977,"comment_status":"closed","ping_status":"closed","template":"","meta":[],"product_cat":[44],"product_tag":[],"_links":{"self":[{"href":"https:\/\/www.maiapizza.ro\/burebistab\/wp-json\/wp\/v2\/product\/1550"}],"collection":[{"href":"https:\/\/www.maiapizza.ro\/burebistab\/wp-json\/wp\/v2\/product"}],"about":[{"href":"https:\/\/www.maiapizza.ro\/burebistab\/wp-json\/wp\/v2\/types\/product"}],"replies":[{"embeddable":true,"href":"https:\/\/www.maiapizza.ro\/burebistab\/wp-json\/wp\/v2\/comments?post=1550"}],"wp:featuredmedia":[{"embeddable":true,"href":"https:\/\/www.maiapizza.ro\/burebistab\/wp-json\/wp\/v2\/media\/1977"}],"wp:attachment":[{"href":"https:\/\/www.maiapizza.ro\/burebistab\/wp-json\/wp\/v2\/media?parent=1550"}],"wp:term":[{"taxonomy":"product_cat","embeddable":true,"href":"https:\/\/www.maiapizza.ro\/burebistab\/wp-json\/wp\/v2\/product_cat?post=1550"},{"taxonomy":"product_tag","embeddable":true,"href":"https:\/\/www.maiapizza.ro\/burebistab\/wp-json\/wp\/v2\/product_tag?post=1550"}],"curies":[{"name":"wp","href":"https:\/\/api.w.org\/{rel}","templated":true}]}}