{"id":2865,"date":"2021-05-06T14:22:13","date_gmt":"2021-05-06T12:22:13","guid":{"rendered":"https:\/\/www.maiapizza.ro\/?post_type=product&#038;p=2865"},"modified":"2024-12-11T23:15:37","modified_gmt":"2024-12-11T21:15:37","slug":"pinsa-romana-francese","status":"publish","type":"product","link":"https:\/\/www.maiapizza.ro\/burebistab\/produs\/pinsa-romana-francese\/","title":{"rendered":"Pinsa Romana Francese"},"content":{"rendered":"","protected":false},"excerpt":{"rendered":"<p>(Gramaj: 660g)<\/p>\n<p>Topping generos \u0219i exuberant\u00a0 din sos de ro\u0219ii, mozzarella fin\u0103, ceap\u0103 caramelizat\u0103, bacon \u0219i gorgonzola, dressing balsamic, cu note de cimbru proasp\u0103t, intr-un blat pufos la interior \u0219i bine rumenit la exterior.<\/p>\n","protected":false},"featured_media":4047,"comment_status":"closed","ping_status":"closed","template":"","meta":[],"product_cat":[46],"product_tag":[],"_links":{"self":[{"href":"https:\/\/www.maiapizza.ro\/burebistab\/wp-json\/wp\/v2\/product\/2865"}],"collection":[{"href":"https:\/\/www.maiapizza.ro\/burebistab\/wp-json\/wp\/v2\/product"}],"about":[{"href":"https:\/\/www.maiapizza.ro\/burebistab\/wp-json\/wp\/v2\/types\/product"}],"replies":[{"embeddable":true,"href":"https:\/\/www.maiapizza.ro\/burebistab\/wp-json\/wp\/v2\/comments?post=2865"}],"wp:featuredmedia":[{"embeddable":true,"href":"https:\/\/www.maiapizza.ro\/burebistab\/wp-json\/wp\/v2\/media\/4047"}],"wp:attachment":[{"href":"https:\/\/www.maiapizza.ro\/burebistab\/wp-json\/wp\/v2\/media?parent=2865"}],"wp:term":[{"taxonomy":"product_cat","embeddable":true,"href":"https:\/\/www.maiapizza.ro\/burebistab\/wp-json\/wp\/v2\/product_cat?post=2865"},{"taxonomy":"product_tag","embeddable":true,"href":"https:\/\/www.maiapizza.ro\/burebistab\/wp-json\/wp\/v2\/product_tag?post=2865"}],"curies":[{"name":"wp","href":"https:\/\/api.w.org\/{rel}","templated":true}]}}