{"id":7524,"date":"2024-02-08T17:47:08","date_gmt":"2024-02-08T14:47:08","guid":{"rendered":"https:\/\/www.maiapizza.ro\/?post_type=product&#038;p=7524"},"modified":"2024-12-11T23:15:08","modified_gmt":"2024-12-11T21:15:08","slug":"pinsa-romana-mare-e-monti","status":"publish","type":"product","link":"https:\/\/www.maiapizza.ro\/burebistab\/produs\/pinsa-romana-mare-e-monti\/","title":{"rendered":"Pinsa Romana Mare e monti"},"content":{"rendered":"","protected":false},"excerpt":{"rendered":"<p>(Gramaj: 660g)<\/p>\n<p>O c\u0103l\u0103torie gustativ\u0103 prin aromele deosebite ale pizzei noastre cu maia natural\u0103, perfect rumenit\u0103. Sosul alb rafinat creeaz\u0103 o baz\u0103 delicat\u0103, completat\u0103 perfect de mozzarella proasp\u0103t\u0103 topit\u0103. Gustul marin al creve\u021bilor \u0219i aroma ciupercilor aduc o explozie de savoare, subliniate de un sos de usturoi aromat. \u00cen final, oregano proasp\u0103t eviden\u021biaz\u0103 subtil toate aromele prin prospe\u021bimea sa.<\/p>\n","protected":false},"featured_media":7527,"comment_status":"closed","ping_status":"closed","template":"","meta":[],"product_cat":[46],"product_tag":[],"_links":{"self":[{"href":"https:\/\/www.maiapizza.ro\/burebistab\/wp-json\/wp\/v2\/product\/7524"}],"collection":[{"href":"https:\/\/www.maiapizza.ro\/burebistab\/wp-json\/wp\/v2\/product"}],"about":[{"href":"https:\/\/www.maiapizza.ro\/burebistab\/wp-json\/wp\/v2\/types\/product"}],"replies":[{"embeddable":true,"href":"https:\/\/www.maiapizza.ro\/burebistab\/wp-json\/wp\/v2\/comments?post=7524"}],"wp:featuredmedia":[{"embeddable":true,"href":"https:\/\/www.maiapizza.ro\/burebistab\/wp-json\/wp\/v2\/media\/7527"}],"wp:attachment":[{"href":"https:\/\/www.maiapizza.ro\/burebistab\/wp-json\/wp\/v2\/media?parent=7524"}],"wp:term":[{"taxonomy":"product_cat","embeddable":true,"href":"https:\/\/www.maiapizza.ro\/burebistab\/wp-json\/wp\/v2\/product_cat?post=7524"},{"taxonomy":"product_tag","embeddable":true,"href":"https:\/\/www.maiapizza.ro\/burebistab\/wp-json\/wp\/v2\/product_tag?post=7524"}],"curies":[{"name":"wp","href":"https:\/\/api.w.org\/{rel}","templated":true}]}}