{"id":7536,"date":"2024-02-09T14:36:27","date_gmt":"2024-02-09T11:36:27","guid":{"rendered":"https:\/\/www.maiapizza.ro\/?post_type=product&#038;p=7536"},"modified":"2024-12-11T23:14:38","modified_gmt":"2024-12-11T21:14:38","slug":"pinsa-romana-mediteranea","status":"publish","type":"product","link":"https:\/\/www.maiapizza.ro\/burebistab\/produs\/pinsa-romana-mediteranea\/","title":{"rendered":"Pinsa Romana Mediteranea"},"content":{"rendered":"","protected":false},"excerpt":{"rendered":"<p>(Gramaj: 580g)<\/p>\n<p>Sosul de ro\u0219ii proasp\u0103t \u0219i aromat completeaz\u0103 armonios straturile de mozzarella proasp\u0103t\u0103, iar gustul intens al cepei se \u00eemplete\u0219te cu aromele bogate ale caperelor \u0219i m\u0103slinelor, oferind o explozie de arome mediteraneene. Ro\u0219iile semi-confiate adaug\u0103 o dulcea\u021b\u0103 subtil\u0103, echilibrat\u0103 de prospe\u021bimea oregano-ului uscat \u0219i a celui proasp\u0103t.<\/p>\n","protected":false},"featured_media":7538,"comment_status":"closed","ping_status":"closed","template":"","meta":[],"product_cat":[46],"product_tag":[],"_links":{"self":[{"href":"https:\/\/www.maiapizza.ro\/burebistab\/wp-json\/wp\/v2\/product\/7536"}],"collection":[{"href":"https:\/\/www.maiapizza.ro\/burebistab\/wp-json\/wp\/v2\/product"}],"about":[{"href":"https:\/\/www.maiapizza.ro\/burebistab\/wp-json\/wp\/v2\/types\/product"}],"replies":[{"embeddable":true,"href":"https:\/\/www.maiapizza.ro\/burebistab\/wp-json\/wp\/v2\/comments?post=7536"}],"wp:featuredmedia":[{"embeddable":true,"href":"https:\/\/www.maiapizza.ro\/burebistab\/wp-json\/wp\/v2\/media\/7538"}],"wp:attachment":[{"href":"https:\/\/www.maiapizza.ro\/burebistab\/wp-json\/wp\/v2\/media?parent=7536"}],"wp:term":[{"taxonomy":"product_cat","embeddable":true,"href":"https:\/\/www.maiapizza.ro\/burebistab\/wp-json\/wp\/v2\/product_cat?post=7536"},{"taxonomy":"product_tag","embeddable":true,"href":"https:\/\/www.maiapizza.ro\/burebistab\/wp-json\/wp\/v2\/product_tag?post=7536"}],"curies":[{"name":"wp","href":"https:\/\/api.w.org\/{rel}","templated":true}]}}