{"id":7710,"date":"2024-02-15T19:03:31","date_gmt":"2024-02-15T16:03:31","guid":{"rendered":"https:\/\/www.maiapizza.ro\/?post_type=product&#038;p=7552"},"modified":"2024-12-11T23:14:22","modified_gmt":"2024-12-11T21:14:22","slug":"pinsa-romana-pera-gorgonzola","status":"publish","type":"product","link":"https:\/\/www.maiapizza.ro\/burebistab\/produs\/pinsa-romana-pera-gorgonzola\/","title":{"rendered":"Pinsa Romana Pera &amp; Gorgonzola"},"content":{"rendered":"","protected":false},"excerpt":{"rendered":"<p>(Gramaj: 675 g)<\/p>\n<p>Sosul alb cremos \u0219i mozzarella proasp\u0103t\u0103\u00a0 deschid drumul\u00a0 c\u0103tre o experien\u021b\u0103 gustativ\u0103 unic\u0103. Baconul afumat adaug\u0103 un element surprinz\u0103tor de crocant \u0219i arom\u0103. Fiecare felie de par\u0103 aduce o not\u0103 u\u0219or dulce, contrabalans\u00e2nd perfect savorile intense ale ingredientelor din jur pentru ca, la final, Gorgonzola, cu a sa textur\u0103 cremoas\u0103 \u0219i arome complexe, s\u0103 \u00eencoroneze aceast\u0103 pizza gourmet cu totul special\u0103.<\/p>\n","protected":false},"featured_media":7556,"comment_status":"closed","ping_status":"closed","template":"","meta":[],"product_cat":[46],"product_tag":[],"_links":{"self":[{"href":"https:\/\/www.maiapizza.ro\/burebistab\/wp-json\/wp\/v2\/product\/7710"}],"collection":[{"href":"https:\/\/www.maiapizza.ro\/burebistab\/wp-json\/wp\/v2\/product"}],"about":[{"href":"https:\/\/www.maiapizza.ro\/burebistab\/wp-json\/wp\/v2\/types\/product"}],"replies":[{"embeddable":true,"href":"https:\/\/www.maiapizza.ro\/burebistab\/wp-json\/wp\/v2\/comments?post=7710"}],"wp:featuredmedia":[{"embeddable":true,"href":"https:\/\/www.maiapizza.ro\/burebistab\/wp-json\/wp\/v2\/media\/7556"}],"wp:attachment":[{"href":"https:\/\/www.maiapizza.ro\/burebistab\/wp-json\/wp\/v2\/media?parent=7710"}],"wp:term":[{"taxonomy":"product_cat","embeddable":true,"href":"https:\/\/www.maiapizza.ro\/burebistab\/wp-json\/wp\/v2\/product_cat?post=7710"},{"taxonomy":"product_tag","embeddable":true,"href":"https:\/\/www.maiapizza.ro\/burebistab\/wp-json\/wp\/v2\/product_tag?post=7710"}],"curies":[{"name":"wp","href":"https:\/\/api.w.org\/{rel}","templated":true}]}}