{"id":8688,"date":"2024-10-29T08:10:29","date_gmt":"2024-10-29T08:10:29","guid":{"rendered":"https:\/\/www.maiapizza.ro\/burebistab\/?post_type=product&#038;p=8688"},"modified":"2024-12-11T23:13:55","modified_gmt":"2024-12-11T21:13:55","slug":"pizza-napoletana-quattro-stagioni","status":"publish","type":"product","link":"https:\/\/www.maiapizza.ro\/burebistab\/produs\/pizza-napoletana-quattro-stagioni\/","title":{"rendered":"Pizza Napoletana Quattro Stagioni"},"content":{"rendered":"","protected":false},"excerpt":{"rendered":"<p>(Gramaj: 570g)<\/p>\n<p>Combina\u021bie clasic\u0103 de 4 \u201canotimpuri\u201d ce ofer\u0103 o experien\u021b\u0103 complet\u0103, absolut delicioas\u0103. \u0218unca fraged\u0103, salami Napoli, ciuperci \u0219i m\u0103sline al\u0103turi de sos de ro\u0219ii \u0219i mozzarela.<\/p>\n","protected":false},"featured_media":8707,"comment_status":"open","ping_status":"closed","template":"","meta":[],"product_cat":[56],"product_tag":[],"_links":{"self":[{"href":"https:\/\/www.maiapizza.ro\/burebistab\/wp-json\/wp\/v2\/product\/8688"}],"collection":[{"href":"https:\/\/www.maiapizza.ro\/burebistab\/wp-json\/wp\/v2\/product"}],"about":[{"href":"https:\/\/www.maiapizza.ro\/burebistab\/wp-json\/wp\/v2\/types\/product"}],"replies":[{"embeddable":true,"href":"https:\/\/www.maiapizza.ro\/burebistab\/wp-json\/wp\/v2\/comments?post=8688"}],"wp:featuredmedia":[{"embeddable":true,"href":"https:\/\/www.maiapizza.ro\/burebistab\/wp-json\/wp\/v2\/media\/8707"}],"wp:attachment":[{"href":"https:\/\/www.maiapizza.ro\/burebistab\/wp-json\/wp\/v2\/media?parent=8688"}],"wp:term":[{"taxonomy":"product_cat","embeddable":true,"href":"https:\/\/www.maiapizza.ro\/burebistab\/wp-json\/wp\/v2\/product_cat?post=8688"},{"taxonomy":"product_tag","embeddable":true,"href":"https:\/\/www.maiapizza.ro\/burebistab\/wp-json\/wp\/v2\/product_tag?post=8688"}],"curies":[{"name":"wp","href":"https:\/\/api.w.org\/{rel}","templated":true}]}}