{"id":8693,"date":"2024-10-29T08:10:29","date_gmt":"2024-10-29T08:10:29","guid":{"rendered":"https:\/\/www.maiapizza.ro\/burebistab\/?post_type=product&#038;p=8693"},"modified":"2024-12-11T23:13:55","modified_gmt":"2024-12-11T21:13:55","slug":"pizza-napoletana-primavera","status":"publish","type":"product","link":"https:\/\/www.maiapizza.ro\/burebistab\/produs\/pizza-napoletana-primavera\/","title":{"rendered":"Pizza Napoletana Primavera"},"content":{"rendered":"","protected":false},"excerpt":{"rendered":"<p>(Gramaj: 580g)<\/p>\n<p>Leggera comme la primavera!\u00a0 O combina\u021bie savuroas\u0103 \u0219i u\u0219oar\u0103, o abunden\u021b\u0103 de legume, proaspete, ro\u0219ii, ardei, m\u0103sline, ciuperci \u0219i spanac al\u0103turi de sos de ro\u0219ii si mozzarella intr-o pizza delicioas\u0103 \u0219i s\u0103n\u0103toas\u0103.<\/p>\n","protected":false},"featured_media":8717,"comment_status":"open","ping_status":"closed","template":"","meta":[],"product_cat":[56],"product_tag":[],"_links":{"self":[{"href":"https:\/\/www.maiapizza.ro\/burebistab\/wp-json\/wp\/v2\/product\/8693"}],"collection":[{"href":"https:\/\/www.maiapizza.ro\/burebistab\/wp-json\/wp\/v2\/product"}],"about":[{"href":"https:\/\/www.maiapizza.ro\/burebistab\/wp-json\/wp\/v2\/types\/product"}],"replies":[{"embeddable":true,"href":"https:\/\/www.maiapizza.ro\/burebistab\/wp-json\/wp\/v2\/comments?post=8693"}],"wp:featuredmedia":[{"embeddable":true,"href":"https:\/\/www.maiapizza.ro\/burebistab\/wp-json\/wp\/v2\/media\/8717"}],"wp:attachment":[{"href":"https:\/\/www.maiapizza.ro\/burebistab\/wp-json\/wp\/v2\/media?parent=8693"}],"wp:term":[{"taxonomy":"product_cat","embeddable":true,"href":"https:\/\/www.maiapizza.ro\/burebistab\/wp-json\/wp\/v2\/product_cat?post=8693"},{"taxonomy":"product_tag","embeddable":true,"href":"https:\/\/www.maiapizza.ro\/burebistab\/wp-json\/wp\/v2\/product_tag?post=8693"}],"curies":[{"name":"wp","href":"https:\/\/api.w.org\/{rel}","templated":true}]}}