{"id":8696,"date":"2024-10-29T08:10:29","date_gmt":"2024-10-29T08:10:29","guid":{"rendered":"https:\/\/www.maiapizza.ro\/burebistab\/?post_type=product&#038;p=8696"},"modified":"2024-12-11T23:13:55","modified_gmt":"2024-12-11T21:13:55","slug":"pizza-napoletana-turca","status":"publish","type":"product","link":"https:\/\/www.maiapizza.ro\/burebistab\/produs\/pizza-napoletana-turca\/","title":{"rendered":"Pizza Napoletana Turca"},"content":{"rendered":"","protected":false},"excerpt":{"rendered":"<p>(Gramaj: 520g)<\/p>\n<p>\u00cenchide ochii \u0219i e\u0219ti in Turcia! Gust\u0103 \u0219i las\u0103-te purtat pe t\u0103r\u00e2muri orientale savur\u00e2nd o pizza delicioas\u0103 cu babic turcesc intens condimentat \u0219i m\u0103sline, al\u0103turi de sos de ro\u0219ii \u0219i mozzarella, toate condimentate din bel\u0219ug cu cimbru.<\/p>\n","protected":false},"featured_media":8723,"comment_status":"open","ping_status":"closed","template":"","meta":[],"product_cat":[56],"product_tag":[],"_links":{"self":[{"href":"https:\/\/www.maiapizza.ro\/burebistab\/wp-json\/wp\/v2\/product\/8696"}],"collection":[{"href":"https:\/\/www.maiapizza.ro\/burebistab\/wp-json\/wp\/v2\/product"}],"about":[{"href":"https:\/\/www.maiapizza.ro\/burebistab\/wp-json\/wp\/v2\/types\/product"}],"replies":[{"embeddable":true,"href":"https:\/\/www.maiapizza.ro\/burebistab\/wp-json\/wp\/v2\/comments?post=8696"}],"wp:featuredmedia":[{"embeddable":true,"href":"https:\/\/www.maiapizza.ro\/burebistab\/wp-json\/wp\/v2\/media\/8723"}],"wp:attachment":[{"href":"https:\/\/www.maiapizza.ro\/burebistab\/wp-json\/wp\/v2\/media?parent=8696"}],"wp:term":[{"taxonomy":"product_cat","embeddable":true,"href":"https:\/\/www.maiapizza.ro\/burebistab\/wp-json\/wp\/v2\/product_cat?post=8696"},{"taxonomy":"product_tag","embeddable":true,"href":"https:\/\/www.maiapizza.ro\/burebistab\/wp-json\/wp\/v2\/product_tag?post=8696"}],"curies":[{"name":"wp","href":"https:\/\/api.w.org\/{rel}","templated":true}]}}