{"id":8701,"date":"2024-10-29T08:10:30","date_gmt":"2024-10-29T08:10:30","guid":{"rendered":"https:\/\/www.maiapizza.ro\/burebistab\/?post_type=product&#038;p=8701"},"modified":"2024-12-11T23:13:55","modified_gmt":"2024-12-11T21:13:55","slug":"pizza-napoletana-francese","status":"publish","type":"product","link":"https:\/\/www.maiapizza.ro\/burebistab\/produs\/pizza-napoletana-francese\/","title":{"rendered":"Pizza Napoletana Francese"},"content":{"rendered":"","protected":false},"excerpt":{"rendered":"<p>(Gramaj: 600g)<\/p>\n<p>Topping generos \u0219i exuberant\u00a0 din sos de ro\u0219ii, mozzarella fin\u0103, ceap\u0103 caramelizat\u0103, bacon \u0219i gorgonzola, dressing balsamic, cu note de cimbru proasp\u0103t, intr-un blat pufos la interior \u0219i bine rumenit la exterior.<\/p>\n","protected":false},"featured_media":8733,"comment_status":"open","ping_status":"closed","template":"","meta":[],"product_cat":[56],"product_tag":[],"_links":{"self":[{"href":"https:\/\/www.maiapizza.ro\/burebistab\/wp-json\/wp\/v2\/product\/8701"}],"collection":[{"href":"https:\/\/www.maiapizza.ro\/burebistab\/wp-json\/wp\/v2\/product"}],"about":[{"href":"https:\/\/www.maiapizza.ro\/burebistab\/wp-json\/wp\/v2\/types\/product"}],"replies":[{"embeddable":true,"href":"https:\/\/www.maiapizza.ro\/burebistab\/wp-json\/wp\/v2\/comments?post=8701"}],"wp:featuredmedia":[{"embeddable":true,"href":"https:\/\/www.maiapizza.ro\/burebistab\/wp-json\/wp\/v2\/media\/8733"}],"wp:attachment":[{"href":"https:\/\/www.maiapizza.ro\/burebistab\/wp-json\/wp\/v2\/media?parent=8701"}],"wp:term":[{"taxonomy":"product_cat","embeddable":true,"href":"https:\/\/www.maiapizza.ro\/burebistab\/wp-json\/wp\/v2\/product_cat?post=8701"},{"taxonomy":"product_tag","embeddable":true,"href":"https:\/\/www.maiapizza.ro\/burebistab\/wp-json\/wp\/v2\/product_tag?post=8701"}],"curies":[{"name":"wp","href":"https:\/\/api.w.org\/{rel}","templated":true}]}}