{"id":8702,"date":"2024-10-29T08:10:30","date_gmt":"2024-10-29T08:10:30","guid":{"rendered":"https:\/\/www.maiapizza.ro\/burebistab\/?post_type=product&#038;p=8702"},"modified":"2024-12-11T23:13:55","modified_gmt":"2024-12-11T21:13:55","slug":"pizza-napoletana-mediteranea","status":"publish","type":"product","link":"https:\/\/www.maiapizza.ro\/burebistab\/produs\/pizza-napoletana-mediteranea\/","title":{"rendered":"Pizza Napoletana Mediteranea"},"content":{"rendered":"","protected":false},"excerpt":{"rendered":"<p>(Gramaj: 550g)<\/p>\n<p>Sosul de ro\u0219ii proasp\u0103t \u0219i aromat completeaz\u0103 armonios straturile de mozzarella proasp\u0103t\u0103, iar gustul intens al cepei se \u00eemplete\u0219te cu aromele bogate ale caperelor \u0219i m\u0103slinelor, oferind o explozie de arome mediteraneene. Ro\u0219iile semi-confiate adaug\u0103 o dulcea\u021b\u0103 subtil\u0103, echilibrat\u0103 de prospe\u021bimea oregano-ului uscat \u0219i a celui proasp\u0103t.<\/p>\n","protected":false},"featured_media":8735,"comment_status":"open","ping_status":"closed","template":"","meta":[],"product_cat":[56],"product_tag":[],"_links":{"self":[{"href":"https:\/\/www.maiapizza.ro\/burebistab\/wp-json\/wp\/v2\/product\/8702"}],"collection":[{"href":"https:\/\/www.maiapizza.ro\/burebistab\/wp-json\/wp\/v2\/product"}],"about":[{"href":"https:\/\/www.maiapizza.ro\/burebistab\/wp-json\/wp\/v2\/types\/product"}],"replies":[{"embeddable":true,"href":"https:\/\/www.maiapizza.ro\/burebistab\/wp-json\/wp\/v2\/comments?post=8702"}],"wp:featuredmedia":[{"embeddable":true,"href":"https:\/\/www.maiapizza.ro\/burebistab\/wp-json\/wp\/v2\/media\/8735"}],"wp:attachment":[{"href":"https:\/\/www.maiapizza.ro\/burebistab\/wp-json\/wp\/v2\/media?parent=8702"}],"wp:term":[{"taxonomy":"product_cat","embeddable":true,"href":"https:\/\/www.maiapizza.ro\/burebistab\/wp-json\/wp\/v2\/product_cat?post=8702"},{"taxonomy":"product_tag","embeddable":true,"href":"https:\/\/www.maiapizza.ro\/burebistab\/wp-json\/wp\/v2\/product_tag?post=8702"}],"curies":[{"name":"wp","href":"https:\/\/api.w.org\/{rel}","templated":true}]}}